{"id":874351,"date":"2025-10-09T13:05:26","date_gmt":"2025-10-09T11:05:26","guid":{"rendered":"https:\/\/rencasa.compsa.net\/vendre\/"},"modified":"2026-02-02T12:36:07","modified_gmt":"2026-02-02T10:36:07","slug":"vendre","status":"publish","type":"page","link":"https:\/\/rencasa.com\/ca\/vendre\/","title":{"rendered":"VENDRE"},"content":{"rendered":"<p><div class=\"fusion-fullwidth fullwidth-box fusion-builder-row-1 fusion-flex-container has-pattern-background has-mask-background fusion-parallax-none nonhundred-percent-fullwidth non-hundred-percent-height-scrolling lazyload\" style=\"--awb-border-radius-top-left:0px;--awb-border-radius-top-right:0px;--awb-border-radius-bottom-right:0px;--awb-border-radius-bottom-left:0px;--awb-padding-top:97px;--awb-padding-bottom:138px;--awb-margin-top:0px;--awb-margin-bottom:0px;--awb-background-size:cover;--awb-flex-wrap:wrap;\" data-bg=\"https:\/\/rencasa.compsa.net\/wp-content\/uploads\/2025\/10\/341.jpg\" ><div class=\"fusion-builder-row fusion-row fusion-flex-align-items-flex-start fusion-flex-content-wrap\" style=\"max-width:1424.8px;margin-left: calc(-4% \/ 2 );margin-right: calc(-4% \/ 2 );\"><div class=\"fusion-layout-column fusion_builder_column fusion-builder-column-0 fusion_builder_column_1_1 1_1 fusion-flex-column\" style=\"--awb-bg-size:cover;--awb-width-large:100%;--awb-margin-top-large:0px;--awb-spacing-right-large:1.92%;--awb-margin-bottom-large:20px;--awb-spacing-left-large:1.92%;--awb-width-medium:100%;--awb-order-medium:0;--awb-spacing-right-medium:1.92%;--awb-spacing-left-medium:1.92%;--awb-width-small:100%;--awb-order-small:0;--awb-spacing-right-small:1.92%;--awb-spacing-left-small:1.92%;\"><div class=\"fusion-column-wrapper fusion-column-has-shadow fusion-flex-justify-content-flex-start fusion-content-layout-column\"><div class=\"fusion-title title fusion-title-1 fusion-sep-none fusion-title-text fusion-title-size-one\" style=\"--awb-text-color:#ffffff;\"><h1 class=\"fusion-title-heading title-heading-left fusion-responsive-typography-calculated\" style=\"margin:0;--fontSize:61;line-height:var(--awb-typography1-line-height);\"><div style=\"text-align: center;\"><span style=\"font-size: 1em; background-color: rgba(0, 0, 0, 0);\">Estem a punt per vendre la teva propietat<\/span><\/div><\/h1><\/div><div class=\"fusion-text fusion-text-1\"><p style=\"text-align: center; color: #ffffff; font-size: 30px;\" data-fusion-font=\"true\">Professionals des de 1975<\/p>\n<\/div><\/div><\/div><\/div><\/div><div class=\"fusion-fullwidth fullwidth-box fusion-builder-row-2 fusion-flex-container has-pattern-background has-mask-background nonhundred-percent-fullwidth non-hundred-percent-height-scrolling\" style=\"--awb-border-radius-top-left:0px;--awb-border-radius-top-right:0px;--awb-border-radius-bottom-right:0px;--awb-border-radius-bottom-left:0px;--awb-padding-top:108px;--awb-padding-bottom:89px;--awb-margin-bottom:0px;--awb-flex-wrap:wrap;\" ><div class=\"fusion-builder-row fusion-row fusion-flex-align-items-flex-start fusion-flex-content-wrap\" style=\"max-width:1424.8px;margin-left: calc(-4% \/ 2 );margin-right: calc(-4% \/ 2 );\"><div class=\"fusion-layout-column fusion_builder_column fusion-builder-column-1 fusion_builder_column_1_2 1_2 fusion-flex-column\" style=\"--awb-bg-size:cover;--awb-width-large:50%;--awb-margin-top-large:0px;--awb-spacing-right-large:3.84%;--awb-margin-bottom-large:20px;--awb-spacing-left-large:3.84%;--awb-width-medium:50%;--awb-order-medium:0;--awb-spacing-right-medium:3.84%;--awb-spacing-left-medium:3.84%;--awb-width-small:100%;--awb-order-small:0;--awb-spacing-right-small:1.92%;--awb-spacing-left-small:1.92%;\"><div class=\"fusion-column-wrapper fusion-column-has-shadow fusion-flex-justify-content-flex-start fusion-content-layout-column\"><div class=\"fusion-title title fusion-title-2 fusion-sep-none fusion-title-text fusion-title-size-two\" style=\"--awb-font-size:45px;\"><h2 class=\"fusion-title-heading title-heading-left fusion-responsive-typography-calculated\" style=\"font-family:&quot;Playfair Display&quot;;font-style:normal;font-weight:400;margin:0;font-size:1em;--fontSize:45;line-height:var(--awb-custom_typography_1-line-height);\"><span style=\"font-family: 'Playfair Display'; font-weight: 400;\" data-fusion-font=\"true\" data-fusion-google-font=\"Playfair Display\" data-fusion-google-variant=\"400\">Demana una valoraci\u00f3 per a la venda de casa teva o pis<br \/>\n<\/span><\/h2><\/div><div class=\"fusion-text fusion-text-2\"><p><span style=\"background-color: rgba(0, 0, 0, 0);\">Posem al servei de la teva venda la nostra experi\u00e8ncia i recursos: des d&#8217;una valoraci\u00f3 precisa de l&#8217;immoble fins a la promoci\u00f3 als canals m\u00e9s efica\u00e7os, per aconseguir el millor resultat en el menor temps.<\/span><\/p>\n<\/div><div ><a class=\"fusion-button button-flat fusion-button-default-size button-custom fusion-button-default button-1 fusion-button-default-span fusion-button-default-type popmake-874624\" style=\"--button_accent_color:var(--awb-color1);--button_accent_hover_color:var(--awb-color1);--button_border_hover_color:var(--awb-color1);--button_gradient_top_color:var(--awb-color8);--button_gradient_bottom_color:var(--awb-color8);--button_gradient_top_color_hover:var(--awb-color5);--button_gradient_bottom_color_hover:var(--awb-color5);--button_margin-top:20px;\" target=\"_self\"><i class=\"fa-envelope-open-text fas awb-button__icon awb-button__icon--default button-icon-left\" aria-hidden=\"true\"><\/i><span class=\"fusion-button-text awb-button__text awb-button__text--default\">SOL\u00b7LICITAR VALORACI\u00d3<\/span><\/a><\/div><div class=\"fusion-image-element \" style=\"--awb-mask-url: url(https:\/\/rencasa.com\/wp-content\/plugins\/fusion-builder\/\/assets\/images\/masks\/mask-17.svg);--awb-margin-top:200px;--awb-caption-title-font-family:var(--h2_typography-font-family);--awb-caption-title-font-weight:var(--h2_typography-font-weight);--awb-caption-title-font-style:var(--h2_typography-font-style);--awb-caption-title-size:var(--h2_typography-font-size);--awb-caption-title-transform:var(--h2_typography-text-transform);--awb-caption-title-line-height:var(--h2_typography-line-height);--awb-caption-title-letter-spacing:var(--h2_typography-letter-spacing);\"><span class=\" fusion-imageframe imageframe-none imageframe-1 hover-type-none has-mask\"><img decoding=\"async\" width=\"2560\" height=\"1707\" title=\"Studio apartment interior with wooden furniture\" src=\"https:\/\/rencasa.com\/wp-content\/uploads\/2025\/10\/studio-apartment-interior-with-wooden-furniture-2025-02-09-23-24-37-utc-scaled.jpg\" data-orig-src=\"https:\/\/rencasa.compsa.net\/wp-content\/uploads\/2025\/10\/studio-apartment-interior-with-wooden-furniture-2025-02-09-23-24-37-utc-scaled.jpg\" alt class=\"lazyload img-responsive wp-image-874348\" srcset=\"data:image\/svg+xml,%3Csvg%20xmlns%3D%27http%3A%2F%2Fwww.w3.org%2F2000%2Fsvg%27%20width%3D%272560%27%20height%3D%271707%27%20viewBox%3D%270%200%202560%201707%27%3E%3Crect%20width%3D%272560%27%20height%3D%271707%27%20fill-opacity%3D%220%22%2F%3E%3C%2Fsvg%3E\" data-srcset=\"https:\/\/rencasa.com\/wp-content\/uploads\/2025\/10\/studio-apartment-interior-with-wooden-furniture-2025-02-09-23-24-37-utc-200x133.jpg 200w, https:\/\/rencasa.com\/wp-content\/uploads\/2025\/10\/studio-apartment-interior-with-wooden-furniture-2025-02-09-23-24-37-utc-400x267.jpg 400w, https:\/\/rencasa.com\/wp-content\/uploads\/2025\/10\/studio-apartment-interior-with-wooden-furniture-2025-02-09-23-24-37-utc-600x400.jpg 600w, https:\/\/rencasa.com\/wp-content\/uploads\/2025\/10\/studio-apartment-interior-with-wooden-furniture-2025-02-09-23-24-37-utc-800x533.jpg 800w, https:\/\/rencasa.com\/wp-content\/uploads\/2025\/10\/studio-apartment-interior-with-wooden-furniture-2025-02-09-23-24-37-utc-1200x800.jpg 1200w, https:\/\/rencasa.com\/wp-content\/uploads\/2025\/10\/studio-apartment-interior-with-wooden-furniture-2025-02-09-23-24-37-utc-scaled.jpg 2560w\" data-sizes=\"auto\" data-orig-sizes=\"(max-width: 640px) 100vw, 800px\" \/><\/span><\/div><\/div><\/div><div class=\"fusion-layout-column fusion_builder_column fusion-builder-column-2 fusion_builder_column_1_2 1_2 fusion-flex-column\" style=\"--awb-bg-size:cover;--awb-width-large:50%;--awb-margin-top-large:0px;--awb-spacing-right-large:0%;--awb-margin-bottom-large:20px;--awb-spacing-left-large:3.84%;--awb-width-medium:50%;--awb-order-medium:0;--awb-spacing-right-medium:0%;--awb-spacing-left-medium:3.84%;--awb-width-small:100%;--awb-order-small:0;--awb-spacing-right-small:1.92%;--awb-spacing-left-small:1.92%;\"><div class=\"fusion-column-wrapper fusion-column-has-shadow fusion-flex-justify-content-flex-start fusion-content-layout-column\"><div class=\"fusion-image-element \" style=\"--awb-mask-url: url(https:\/\/rencasa.com\/wp-content\/plugins\/fusion-builder\/\/assets\/images\/masks\/mask-17.svg);--awb-max-width:900px;--awb-caption-title-font-family:var(--h2_typography-font-family);--awb-caption-title-font-weight:var(--h2_typography-font-weight);--awb-caption-title-font-style:var(--h2_typography-font-style);--awb-caption-title-size:var(--h2_typography-font-size);--awb-caption-title-transform:var(--h2_typography-text-transform);--awb-caption-title-line-height:var(--h2_typography-line-height);--awb-caption-title-letter-spacing:var(--h2_typography-letter-spacing);\"><span class=\" fusion-imageframe imageframe-none imageframe-2 hover-type-none has-mask\"><img decoding=\"async\" width=\"2560\" height=\"1709\" title=\"casa vacia con escaleras\" src=\"https:\/\/rencasa.com\/wp-content\/uploads\/2025\/10\/room-of-house-with-finished-wood-floors-2024-09-11-18-12-30-utc-scaled.jpg\" data-orig-src=\"https:\/\/rencasa.compsa.net\/wp-content\/uploads\/2025\/10\/room-of-house-with-finished-wood-floors-2024-09-11-18-12-30-utc-scaled.jpg\" alt class=\"lazyload img-responsive wp-image-874349\" srcset=\"data:image\/svg+xml,%3Csvg%20xmlns%3D%27http%3A%2F%2Fwww.w3.org%2F2000%2Fsvg%27%20width%3D%272560%27%20height%3D%271709%27%20viewBox%3D%270%200%202560%201709%27%3E%3Crect%20width%3D%272560%27%20height%3D%271709%27%20fill-opacity%3D%220%22%2F%3E%3C%2Fsvg%3E\" data-srcset=\"https:\/\/rencasa.com\/wp-content\/uploads\/2025\/10\/room-of-house-with-finished-wood-floors-2024-09-11-18-12-30-utc-200x134.jpg 200w, https:\/\/rencasa.com\/wp-content\/uploads\/2025\/10\/room-of-house-with-finished-wood-floors-2024-09-11-18-12-30-utc-400x267.jpg 400w, https:\/\/rencasa.com\/wp-content\/uploads\/2025\/10\/room-of-house-with-finished-wood-floors-2024-09-11-18-12-30-utc-600x401.jpg 600w, https:\/\/rencasa.com\/wp-content\/uploads\/2025\/10\/room-of-house-with-finished-wood-floors-2024-09-11-18-12-30-utc-800x534.jpg 800w, https:\/\/rencasa.com\/wp-content\/uploads\/2025\/10\/room-of-house-with-finished-wood-floors-2024-09-11-18-12-30-utc-1200x801.jpg 1200w, https:\/\/rencasa.com\/wp-content\/uploads\/2025\/10\/room-of-house-with-finished-wood-floors-2024-09-11-18-12-30-utc-scaled.jpg 2560w\" data-sizes=\"auto\" data-orig-sizes=\"(max-width: 640px) 100vw, 800px\" \/><\/span><\/div><div class=\"fusion-title title fusion-title-3 fusion-sep-none fusion-title-text fusion-title-size-two\"><h2 class=\"fusion-title-heading title-heading-left fusion-responsive-typography-calculated\" style=\"font-family:&quot;Playfair Display&quot;;font-style:normal;font-weight:400;margin:0;--fontSize:50;line-height:var(--awb-custom_typography_1-line-height);\"><div><\/div>\n<div><\/div>\n<div><span style=\"font-size: 1em; background-color: rgba(0, 0, 0, 0);\"> <\/span><\/div>\n<p><span style=\"font-size: 1em; background-color: rgba(0, 0, 0, 0);\"> <\/span><\/p>\n<p><span style=\"font-size: 1em; background-color: rgba(0, 0, 0, 0);\">Confia la venda del teu immoble al nostre equip<\/span><\/p><\/h2><\/div><div class=\"fusion-text fusion-text-3\"><p>Avaluem-ne el valor real, dissenyem una estrat\u00e8gia de m\u00e0rqueting personalitzada i gestionem tot el proc\u00e9s fins que es tanqui l&#8217;operaci\u00f3 amb \u00e8xit.<br \/>\nEl nostre objectiu \u00e9s que venguis amb tranquil\u00b7litat. Ens encarreguem de preparar la teva propietat, fixar el preu \u00f2ptim, posar-la al mercat i acompanyar-te a cada pas, fins que es formalitzi la venda.<\/p>\n<\/div><\/div><\/div><\/div><\/div><div class=\"fusion-fullwidth fullwidth-box fusion-builder-row-3 fusion-flex-container fusion-parallax-fixed hundred-percent-fullwidth non-hundred-percent-height-scrolling lazyload\" style=\"--awb-border-radius-top-left:0px;--awb-border-radius-top-right:0px;--awb-border-radius-bottom-right:0px;--awb-border-radius-bottom-left:0px;--awb-padding-top:476px;--awb-padding-right:0px;--awb-padding-bottom:0px;--awb-padding-left:0px;--awb-padding-top-medium:300px;--awb-padding-left-medium:4%;--awb-padding-top-small:300px;--awb-margin-bottom:0px;--awb-background-size:cover;--awb-flex-wrap:wrap;background-attachment:fixed;\" data-bg=\"https:\/\/rencasa.compsa.net\/wp-content\/uploads\/2025\/10\/an-empty-living-room-with-wooden-floors-and-expose-2025-02-09-23-56-14-utc-scaled.jpg\" ><div class=\"fusion-builder-row fusion-row fusion-flex-align-items-stretch fusion-flex-justify-content-space-between fusion-flex-content-wrap\" style=\"width:104% !important;max-width:104% !important;margin-left: calc(-4% \/ 2 );margin-right: calc(-4% \/ 2 );\"><div class=\"fusion-layout-column fusion_builder_column fusion-builder-column-3 fusion_builder_column_1_1 1_1 fusion-flex-column\" style=\"--awb-bg-size:cover;--awb-width-large:100%;--awb-margin-top-large:0px;--awb-spacing-right-large:1.92%;--awb-margin-bottom-large:0px;--awb-spacing-left-large:1.92%;--awb-width-medium:100%;--awb-order-medium:0;--awb-spacing-right-medium:1.92%;--awb-spacing-left-medium:1.92%;--awb-width-small:100%;--awb-order-small:0;--awb-spacing-right-small:1.92%;--awb-spacing-left-small:1.92%;\"><div class=\"fusion-column-wrapper fusion-column-has-shadow fusion-flex-justify-content-flex-end fusion-content-layout-column\"><\/div><\/div><\/div><\/div><div class=\"fusion-fullwidth fullwidth-box fusion-builder-row-4 fusion-flex-container has-pattern-background has-mask-background nonhundred-percent-fullwidth non-hundred-percent-height-scrolling\" style=\"--awb-border-radius-top-left:0px;--awb-border-radius-top-right:0px;--awb-border-radius-bottom-right:0px;--awb-border-radius-bottom-left:0px;--awb-padding-top:27px;--awb-padding-bottom:0px;--awb-background-color:var(--awb-color1);--awb-flex-wrap:wrap;\" ><div class=\"fusion-builder-row fusion-row fusion-flex-align-items-flex-start fusion-flex-content-wrap\" style=\"max-width:1424.8px;margin-left: calc(-4% \/ 2 );margin-right: calc(-4% \/ 2 );\"><div class=\"fusion-layout-column fusion_builder_column fusion-builder-column-4 fusion_builder_column_1_1 1_1 fusion-flex-column\" style=\"--awb-padding-top:50px;--awb-bg-size:cover;--awb-width-large:100%;--awb-margin-top-large:0px;--awb-spacing-right-large:1.92%;--awb-margin-bottom-large:20px;--awb-spacing-left-large:1.92%;--awb-width-medium:100%;--awb-order-medium:0;--awb-spacing-right-medium:1.92%;--awb-spacing-left-medium:1.92%;--awb-width-small:100%;--awb-order-small:0;--awb-spacing-right-small:1.92%;--awb-spacing-left-small:1.92%;\"><div class=\"fusion-column-wrapper fusion-column-has-shadow fusion-flex-justify-content-flex-start fusion-content-layout-column\"><div class=\"fusion-image-element \" style=\"text-align:center;--awb-max-width:300px;--awb-caption-title-font-family:var(--h2_typography-font-family);--awb-caption-title-font-weight:var(--h2_typography-font-weight);--awb-caption-title-font-style:var(--h2_typography-font-style);--awb-caption-title-size:var(--h2_typography-font-size);--awb-caption-title-transform:var(--h2_typography-text-transform);--awb-caption-title-line-height:var(--h2_typography-line-height);--awb-caption-title-letter-spacing:var(--h2_typography-letter-spacing);\"><span class=\" fusion-imageframe imageframe-none imageframe-3 hover-type-none\"><img decoding=\"async\" width=\"400\" height=\"140\" title=\"NOM I LOGO B-N. lletres negres fons transparent catala3\" src=\"https:\/\/rencasa.com\/wp-content\/uploads\/2026\/02\/NOM-I-LOGO-B-N.-lletres-negres-fons-transparent-catala3.png\" data-orig-src=\"https:\/\/rencasa.compsa.net\/wp-content\/uploads\/2026\/02\/NOM-I-LOGO-B-N.-lletres-negres-fons-transparent-catala3.png\" alt class=\"lazyload img-responsive wp-image-875147\" srcset=\"data:image\/svg+xml,%3Csvg%20xmlns%3D%27http%3A%2F%2Fwww.w3.org%2F2000%2Fsvg%27%20width%3D%27400%27%20height%3D%27140%27%20viewBox%3D%270%200%20400%20140%27%3E%3Crect%20width%3D%27400%27%20height%3D%27140%27%20fill-opacity%3D%220%22%2F%3E%3C%2Fsvg%3E\" data-srcset=\"https:\/\/rencasa.com\/wp-content\/uploads\/2026\/02\/NOM-I-LOGO-B-N.-lletres-negres-fons-transparent-catala3-200x70.png 200w, https:\/\/rencasa.com\/wp-content\/uploads\/2026\/02\/NOM-I-LOGO-B-N.-lletres-negres-fons-transparent-catala3.png 400w\" data-sizes=\"auto\" data-orig-sizes=\"(max-width: 640px) 100vw, 400px\" \/><\/span><\/div><div class=\"fusion-social-links fusion-social-links-1\" style=\"--awb-margin-top:10px;--awb-margin-right:0px;--awb-margin-bottom:0px;--awb-margin-left:0px;--awb-alignment:center;--awb-box-border-top:0px;--awb-box-border-right:0px;--awb-box-border-bottom:0px;--awb-box-border-left:0px;--awb-icon-colors-hover:var(--awb-color4);--awb-box-colors-hover:var(--awb-color1);--awb-box-border-color:var(--awb-color3);--awb-box-border-color-hover:var(--awb-color4);\"><div class=\"fusion-social-networks color-type-custom\"><div class=\"fusion-social-networks-wrapper\"><a class=\"fusion-social-network-icon fusion-tooltip fusion-facebook awb-icon-facebook\" style=\"color:var(--awb-color5);font-size:30px;\" data-placement=\"top\" data-title=\"Facebook\" data-toggle=\"tooltip\" title=\"Facebook\" aria-label=\"facebook\" target=\"_blank\" rel=\"noopener noreferrer\" href=\"https:\/\/www.facebook.com\/rencasalleida\"><\/a><a class=\"fusion-social-network-icon fusion-tooltip fusion-twitter awb-icon-twitter\" style=\"color:var(--awb-color5);font-size:30px;\" data-placement=\"top\" data-title=\"X\" data-toggle=\"tooltip\" title=\"X\" aria-label=\"twitter\" target=\"_blank\" rel=\"noopener noreferrer\" href=\"https:\/\/x.com\/rencasalleida\"><\/a><a class=\"fusion-social-network-icon fusion-tooltip fusion-instagram awb-icon-instagram\" style=\"color:var(--awb-color5);font-size:30px;\" data-placement=\"top\" data-title=\"Instagram\" data-toggle=\"tooltip\" title=\"Instagram\" aria-label=\"instagram\" target=\"_blank\" rel=\"noopener noreferrer\" href=\"https:\/\/www.instagram.com\/rencasalleida\/\"><\/a><a class=\"fusion-social-network-icon fusion-tooltip fusion-youtube awb-icon-youtube\" style=\"color:var(--awb-color5);font-size:30px;\" data-placement=\"top\" data-title=\"YouTube\" data-toggle=\"tooltip\" title=\"YouTube\" aria-label=\"youtube\" target=\"_blank\" rel=\"noopener noreferrer\" href=\"https:\/\/www.youtube.com\/channel\/UCLzVI6j363SyQeOAmOdWYyg\"><\/a><\/div><\/div><\/div><\/div><\/div><\/div><\/div><\/p>\n","protected":false},"excerpt":{"rendered":"","protected":false},"author":1,"featured_media":0,"parent":0,"menu_order":0,"comment_status":"closed","ping_status":"closed","template":"100-width.php","meta":{"_acf_changed":false,"footnotes":""},"class_list":["post-874351","page","type-page","status-publish","hentry"],"acf":[],"_links":{"self":[{"href":"https:\/\/rencasa.com\/ca\/wp-json\/wp\/v2\/pages\/874351","targetHints":{"allow":["GET"]}}],"collection":[{"href":"https:\/\/rencasa.com\/ca\/wp-json\/wp\/v2\/pages"}],"about":[{"href":"https:\/\/rencasa.com\/ca\/wp-json\/wp\/v2\/types\/page"}],"author":[{"embeddable":true,"href":"https:\/\/rencasa.com\/ca\/wp-json\/wp\/v2\/users\/1"}],"replies":[{"embeddable":true,"href":"https:\/\/rencasa.com\/ca\/wp-json\/wp\/v2\/comments?post=874351"}],"version-history":[{"count":9,"href":"https:\/\/rencasa.com\/ca\/wp-json\/wp\/v2\/pages\/874351\/revisions"}],"predecessor-version":[{"id":875155,"href":"https:\/\/rencasa.com\/ca\/wp-json\/wp\/v2\/pages\/874351\/revisions\/875155"}],"wp:attachment":[{"href":"https:\/\/rencasa.com\/ca\/wp-json\/wp\/v2\/media?parent=874351"}],"curies":[{"name":"wp","href":"https:\/\/api.w.org\/{rel}","templated":true}]}}