{"id":874395,"date":"2026-01-07T10:07:57","date_gmt":"2026-01-07T08:07:57","guid":{"rendered":"https:\/\/rencasa.compsa.net\/avis-legal\/"},"modified":"2026-01-23T12:50:51","modified_gmt":"2026-01-23T10:50:51","slug":"avis-legal","status":"publish","type":"page","link":"https:\/\/rencasa.com\/ca\/avis-legal\/","title":{"rendered":"Av\u00eds legal"},"content":{"rendered":"<h1>AV\u00cdS LEGAL<\/h1>\n<p><strong>\u201crencasa.com\u201d, \u201crencasa.net\u201d, \u201crencasa.es\u201d,<\/strong> s\u00f3n un domini a internet la titularitat del qual pertany a <strong>GRUP IMMOBILIARI RENCASA S.L.<\/strong><\/p>\n<p>Aquest lloc web i tots els seus continguts, incloent-hi els textos, imatges, codis, i qualsevol altre material, s\u00f3n propietat de <strong>GRUP IMMOBILIARI RENCASA S.L.<\/strong> o de tercers que n&#8217;han autoritzat l&#8217;\u00fas. La utilitzaci\u00f3 del web atribueix la condici\u00f3 d&#8217;usuari a tota persona que hi accedeixi i implica l&#8217;acceptaci\u00f3 sense reserves de les presents condicions generals. <\/p>\n<p>La informaci\u00f3 i els elements divulgats a trav\u00e9s d&#8217;aquestes p\u00e0gines estan protegits per les lleis espanyoles i internacionals sobre propietat industrial i intel\u00b7lectual. De tal manera que se&#8217;n prohibeix la reproducci\u00f3, distribuci\u00f3 i comunicaci\u00f3 p\u00fablica sense l&#8217;autoritzaci\u00f3 expressa de <strong>GRUP IMMOBILIARI RENCASA S.L<\/strong> <\/p>\n<p>Les p\u00e0gines de poden ser visitades lliurement pels usuaris, excloent-ne aquelles que exigeixin la inscripci\u00f3 en un registre que s&#8217;efectuar\u00e0 en la forma expressament indicada al propi servei.<\/p>\n<p><strong>GRUP IMMOBILIARI RENCASA S.L.<\/strong> no es fa responsable dels danys o perjudicis directes o indirectes derivats de l&#8217;\u00fas daquest lloc web, inclosos danys a sistemes inform\u00e0tics, alhora que es reserva el dret a modificar en qualsevol moment els continguts mostrats.<\/p>\n","protected":false},"excerpt":{"rendered":"<p>AV\u00cdS LEGAL \u201crencasa.com\u201d, \u201crencasa.net\u201d, \u201crencasa.es\u201d, s\u00f3n un domini a internet  [&#8230;]<\/p>\n","protected":false},"author":1,"featured_media":0,"parent":0,"menu_order":0,"comment_status":"closed","ping_status":"closed","template":"","meta":{"_acf_changed":false,"footnotes":""},"class_list":["post-874395","page","type-page","status-publish","hentry"],"acf":[],"_links":{"self":[{"href":"https:\/\/rencasa.com\/ca\/wp-json\/wp\/v2\/pages\/874395","targetHints":{"allow":["GET"]}}],"collection":[{"href":"https:\/\/rencasa.com\/ca\/wp-json\/wp\/v2\/pages"}],"about":[{"href":"https:\/\/rencasa.com\/ca\/wp-json\/wp\/v2\/types\/page"}],"author":[{"embeddable":true,"href":"https:\/\/rencasa.com\/ca\/wp-json\/wp\/v2\/users\/1"}],"replies":[{"embeddable":true,"href":"https:\/\/rencasa.com\/ca\/wp-json\/wp\/v2\/comments?post=874395"}],"version-history":[{"count":1,"href":"https:\/\/rencasa.com\/ca\/wp-json\/wp\/v2\/pages\/874395\/revisions"}],"predecessor-version":[{"id":874397,"href":"https:\/\/rencasa.com\/ca\/wp-json\/wp\/v2\/pages\/874395\/revisions\/874397"}],"wp:attachment":[{"href":"https:\/\/rencasa.com\/ca\/wp-json\/wp\/v2\/media?parent=874395"}],"curies":[{"name":"wp","href":"https:\/\/api.w.org\/{rel}","templated":true}]}}