{"id":875442,"date":"2025-11-28T15:47:37","date_gmt":"2025-11-28T13:47:37","guid":{"rendered":"https:\/\/rencasa.compsa.net\/perfil\/"},"modified":"2025-11-28T15:47:37","modified_gmt":"2025-11-28T13:47:37","slug":"perfil","status":"publish","type":"page","link":"https:\/\/rencasa.com\/ca\/perfil\/","title":{"rendered":"PERFIL"},"content":{"rendered":"<div id=\"estatik-authentication\" class=\"es-auth js-es-auth content-font\">\n    \t    \t    <div class=\"es-auth__item es-auth__login-buttons \">\n\t        <h3 class=\"heading-font\">Inicia sessi\u00f3<\/h3>\n\t\n\t        <p>per guardar immobles a favorits i guardar diferents cerques per rebre alertes.<\/p>\n\t\n\t\t\t\t\t\t\t        <a href=\"#\" data-auth-item=\"login-form\" class=\"js-es-auth-item__switcher es-btn es-btn--default es-btn--auth \">\n\t\t\tLog in with email        <\/a>\n\t\n\t        <p class=\"sign-in-text\">Don't have an account? <a href=\"#\" data-auth-item=\"buyer-register-buttons\" class=\"js-es-auth-item__switcher\">Sign up<\/a><\/p>\n    \n    <div class=\"es-space\"><\/div>\n\n    <\/div>\n\t    <div class=\"es-auth__item js-es-auth__login-form es-auth__login-form es-auth__item--hidden\">\n\t        <h3 class=\"heading-font\">Inicia sessi\u00f3<\/h3>\n\t\n\t        <p>per guardar immobles a favorits i guardar diferents cerques per rebre alertes.<\/p>\n\t\n    <div class=\"all-login-back\">\n        <a href=\"#\" data-auth-item=\"login-buttons\" class=\"js-es-auth-item__switcher\">\n            <span class=\"es-icon es-icon_chevron-left\"><\/span>All log in options        <\/a>\n    <\/div>\n\n    <form action=\"\" method=\"POST\">\n\t\t<input id=\"redirect_url-69ee3f9a4e035\" name=\"redirect_url\" class=\"es-field__input\" type=\"hidden\" value=\"https:\/\/rencasa.com\/ca\/perfil\/\" \/>\n                               <div class='es-field es-field__es_user_login es-field--text '>\n                                   <label for='es_user_login-69ee3f9a4f3b3'><span class='es-field__label'>Email<\/span><input id=\"es_user_login-69ee3f9a4f3b3\" name=\"es_user_login\" class=\"es-field__input\" required=\"required\" autocomplete=\"username\" type=\"text\" value=\"\" \/><\/label>\n                               <\/div>\n                           \n                                   <div class='es-field es-field__es_user_password es-field--password '>\n                                       <label for='es_user_password-69ee3f9a4f3e3'><span class='es-field__label'>Password<\/span><div class='es-input__wrap'><input id=\"es_user_password-69ee3f9a4f3e3\" name=\"es_user_password\" class=\"es-field__input\" required=\"required\" autocomplete=\"current-password\" type=\"password\" value=\"\" \/><a href='#' aria-label='Show or Hide password' class='es-toggle-pwd js-es-toggle-pwd'><span class='es-icon es-icon_eye'><\/span><\/a><\/div><\/label>\n                                   <\/div>\n                                       <div class=\"forgot-pwd\">\n            <a href=\"#\" data-auth-item=\"reset-form\" class=\"js-es-auth-item__switcher\">Forgot password?<\/a>\n        <\/div>\n\n\t\t        <input type=\"hidden\" name=\"uniqid\" value=\"69ee3f9a4f40e\"\/>\n\t\t<input type=\"hidden\" id=\"es_auth_nonce_69ee3f9a4f40e\" name=\"es_auth_nonce_69ee3f9a4f40e\" value=\"d5ae19fb00\" \/><input type=\"hidden\" name=\"_wp_http_referer\" value=\"\/ca\/wp-json\/wp\/v2\/pages\/875442\" \/>\t            <button type=\"submit\" class=\"es-btn es-btn--primary js-es-btn--login es-btn--login\" disabled>Log in<\/button>\n    <\/form>\n\n\t        <p class=\"sign-in-text\">Don't have an account? <a href=\"#\" class=\"js-es-auth-item__switcher\" data-auth-item=\"buyer-register-buttons\">Sign up<\/a><\/p>\n        <div class=\"es-space\"><\/div>\n<\/div>\n\t    <div class=\"es-auth__item es-auth__reset-form es-auth__item--hidden\">\n    <h3 class=\"heading-font\">Reset password<\/h3>\n    <p>Enter your email address and we will send you a link to change your password.<\/p>\n\n    <form action=\"\" method=\"POST\">\n\t\t\n        <input type=\"hidden\" name=\"uniqid\" value=\"69ee3f9a4f5c7\"\/>\n\n\t\t\t\t\t\n                               <div class='es-field es-field__es_user_email es-field--email '>\n                                   <label for='es_user_email-69ee3f9a4f5d0'><span class='es-field__label'>Email<\/span><input id=\"es_user_email-69ee3f9a4f5d0\" name=\"es_user_email\" class=\"es-field__input\" required=\"required\" autocomplete=\"username\" type=\"email\" value=\"\" \/><\/label>\n                               <\/div>\n                           \t\t\t<input type=\"hidden\" id=\"es_retrieve_pwd_nonce_69ee3f9a4f5c7\" name=\"es_retrieve_pwd_nonce_69ee3f9a4f5c7\" value=\"557284280d\" \/><input type=\"hidden\" name=\"_wp_http_referer\" value=\"\/ca\/wp-json\/wp\/v2\/pages\/875442\" \/>\t\t\t            <button type=\"submit\" class=\"es-btn es-btn--primary es-btn--reset\">Send reset link<\/button>\n\t\t\n        <div><a href=\"#\" data-auth-item=\"login-buttons\" class=\"js-es-auth-item__switcher login-back\"><span class=\"es-icon es-icon_chevron-left\"><\/span>Back to login<\/a><\/div>\n    <\/form>\n    <div class=\"es-space\"><\/div>\n<\/div>\n\t                <div class=\"es-auth__item es-auth__buyer-register-buttons es-auth__item--hidden\">\n\t        <h3 class=\"heading-font\">Crea tu cuenta<\/h3>\n\t\n\t        <p>per guardar immobles a favorits i guardar diferents cerques per rebre alertes.<\/p>\n\t\n\t\t\t\t\t\t\t        <a href=\"#\" data-auth-item=\"buyer-register-form\" class=\"js-es-auth-item__switcher es-btn es-btn--default es-btn--auth \">Sign up with email<\/a>\n\t\n    <p class=\"sign-in-text\">Already have an account? <a href=\"#\" data-auth-item=\"login-buttons\" class=\"js-es-auth-item__switcher\">Log in<\/a><\/p>\n    <div class=\"es-space\"><\/div>\n\t<\/div>\n            <div class=\"es-auth__item es-auth__buyer-register-form es-auth__item--hidden\">\n\t        <h3 class=\"heading-font\">Crea tu cuenta<\/h3>\n\t\n\t        <p>per guardar immobles a favorits i guardar diferents cerques per rebre alertes.<\/p>\n\t\n    <div class=\"all-login-back\">\n        <a href=\"#\" class=\"js-es-auth-item__switcher\" data-auth-item=\"buyer-register-buttons\">\n            <span class=\"es-icon es-icon_chevron-left\"><\/span>All sign up options        <\/a>\n    <\/div>\n\n    <form action=\"\/perfil\" method=\"POST\">\n\t\t        <input type=\"hidden\" name=\"uniqid\" value=\"69ee3f9a4f993\"\/>\n        <input type=\"hidden\" id=\"es_register_nonce_69ee3f9a4f993\" name=\"es_register_nonce_69ee3f9a4f993\" value=\"e50ab1c4f9\" \/><input type=\"hidden\" name=\"_wp_http_referer\" value=\"\/ca\/wp-json\/wp\/v2\/pages\/875442\" \/><input id=\"redirect_url-69ee3f9a4faaf\" name=\"redirect_url\" class=\"es-field__input\" type=\"hidden\" value=\"https:\/\/rencasa.com\/ca\/perfil\/\" \/><input id=\"es_type-69ee3f9a4fad5\" name=\"es_type\" class=\"es-field__input\" type=\"hidden\" value=\"buyer\" \/>\n                               <div class='es-field es-field__es_extra_info es-field--text '>\n                                   <label for='es_extra_info-69ee3f9a4faea'><input id=\"es_extra_info-69ee3f9a4faea\" name=\"es_extra_info\" class=\"es-field__input\" type=\"text\" value=\"\" \/><\/label>\n                               <\/div>\n                           \n                               <div class='es-field es-field__es_user_email es-field--email '>\n                                   <label for='es_user_email-69ee3f9a4fb10'><span class='es-field__label'>Email<\/span><input id=\"es_user_email-69ee3f9a4fb10\" name=\"es_user_email\" class=\"es-field__input\" required=\"required\" autocomplete=\"username\" type=\"email\" value=\"\" \/><p class='es-field__description'>You'll use it to sign in, and we'll use it to contact you.<\/p><\/label>\n                               <\/div>\n                           \n                                   <div class='es-field es-field__es_user_password es-field--password '>\n                                       <label for='es_user_password-69ee3f9a4fb36'><span class='es-field__label'>Password<\/span><div class='es-input__wrap'><input id=\"es_user_password-69ee3f9a4fb36\" name=\"es_user_password\" class=\"js-es-password-field es-field__input\" required=\"required\" minlength=\"8\" autocomplete=\"new-password\" type=\"password\" value=\"\" \/><a href='#' aria-label='Show or Hide password' class='es-toggle-pwd js-es-toggle-pwd'><span class='es-icon es-icon_eye'><\/span><\/a><\/div><p class='es-field__description'><ul class='es-field__validate-list'>\n                                <li class='es-validate-item es-validate-item__contain'>No pot contenir el nom o l'adre\u00e7a de correu electr\u00f2nic<\/li>\n                                <li class='es-validate-item es-validate-item__length'>Almenys 8 car\u00e0cters<\/li>\n                                <li class='es-validate-item es-validate-item__char'>Cont\u00e9 un n\u00famero o simbol<\/li>\n                            <\/ul><\/p><\/label>\n                                   <\/div>\n                               \n\t    \n        <button type=\"submit\" disabled class=\"es-btn es-btn--primary es-btn--signup\">Sign up<\/button>\n\t\t<div class='es-privacy-policy-container'><div class='es-terms-text'>En fer clic al bot\u00f3 \u00abSIGN UP\u00bb, accepteu les Condicions d'\u00fas i la Pol\u00edtica de privacitat.<\/div><\/div>        <p class=\"sign-in-text\">Already have an account? <a href=\"#\" class=\"js-es-auth-item__switcher\" data-auth-item=\"login-buttons\">Log in<\/a><\/p>\n    <\/form>\n    <div class=\"es-space\"><\/div>\n\t<\/div>\n        \t        \n    <\/div>\n\n<!-- compsaonline \/httpdocs\/wp-content\/themes\/Avada-Child-Theme\/estatik4\/front\/shortcodes\/authentication\/authentication.php -->\n<script>\n    document.addEventListener(\"DOMContentLoaded\", function() {\n        \/\/ 1. Comprobar par\u00e1metros de la URL\n        const urlParams = new URLSearchParams(window.location.search);\n        const authItem = urlParams.get('auth_item');\n        const hasAuthParam = (authItem === 'reset-form' || authItem === 'login-form' || authItem === 'buyer-register-form');\n\n        \/\/ 2. Comprobar si existe la lista de notificaciones con elementos (li)\n        const notifyList = document.querySelector('ul.es-notify-list');\n        const hasNotificationsSuccess = notifyList && notifyList.querySelectorAll('li.es-notify--success').length > 0;\n        const hasNotificationsError = notifyList && notifyList.querySelectorAll('li.es-notify--error').length > 0;\n\n        \/\/ Si se cumple cualquiera de las dos condiciones\n        if (hasAuthParam || hasNotificationsSuccess || hasNotificationsError) {\n\n            \/\/ --- IMPLEMENTACI\u00d3N: Esconder elementos clase .textAlta ---\n            const textAltaElements = document.querySelectorAll('.textAlta');\n            textAltaElements.forEach(el => el.style.display = 'none');\n\n            \/\/ --- IMPLEMENTACI\u00d3N: L\u00f3gica espec\u00edfica para notificaciones en reset-form ---\n            if (hasNotificationsSuccess && authItem === 'reset-form') {\n                const resetFormContainer = document.querySelector('div.es-auth__reset-form');\n                if (resetFormContainer) {\n                    \/\/ Escondemos el campo de email\n                    const emailField = resetFormContainer.querySelector('.es-field__es_user_email');\n                    if (emailField) emailField.style.display = 'none';\n\n                    \/\/ Escondemos el bot\u00f3n submit\n                    const submitBtn = resetFormContainer.querySelector('button[type=\"submit\"], input[type=\"submit\"]');\n                    if (submitBtn) submitBtn.style.display = 'none';\n                }\n            }\n\n            const targetElement = document.getElementById('estatik-authentication');\n\n            if (targetElement) {\n                setTimeout(() => {\n                    targetElement.scrollIntoView({\n                        behavior: 'smooth',\n                        block: 'start'\n                    });\n                }, 300);\n            }\n        }\n    });\n<\/script>\n","protected":false},"excerpt":{"rendered":"","protected":false},"author":1,"featured_media":0,"parent":0,"menu_order":0,"comment_status":"closed","ping_status":"closed","template":"","meta":{"_acf_changed":false,"footnotes":""},"class_list":["post-875442","page","type-page","status-publish","hentry"],"acf":[],"_links":{"self":[{"href":"https:\/\/rencasa.com\/ca\/wp-json\/wp\/v2\/pages\/875442","targetHints":{"allow":["GET"]}}],"collection":[{"href":"https:\/\/rencasa.com\/ca\/wp-json\/wp\/v2\/pages"}],"about":[{"href":"https:\/\/rencasa.com\/ca\/wp-json\/wp\/v2\/types\/page"}],"author":[{"embeddable":true,"href":"https:\/\/rencasa.com\/ca\/wp-json\/wp\/v2\/users\/1"}],"replies":[{"embeddable":true,"href":"https:\/\/rencasa.com\/ca\/wp-json\/wp\/v2\/comments?post=875442"}],"version-history":[{"count":0,"href":"https:\/\/rencasa.com\/ca\/wp-json\/wp\/v2\/pages\/875442\/revisions"}],"wp:attachment":[{"href":"https:\/\/rencasa.com\/ca\/wp-json\/wp\/v2\/media?parent=875442"}],"curies":[{"name":"wp","href":"https:\/\/api.w.org\/{rel}","templated":true}]}}